{"id":124,"date":"2019-01-25T09:33:35","date_gmt":"2019-01-25T08:33:35","guid":{"rendered":"https:\/\/www.autismus-spectrum.de\/italiano\/?page_id=124"},"modified":"2019-02-22T13:25:15","modified_gmt":"2019-02-22T12:25:15","slug":"fatti-interessanti","status":"publish","type":"page","link":"https:\/\/www.autismus-spectrum.de\/italiano\/fatti\/fatti-interessanti\/","title":{"rendered":"Fatti interessanti da sapere sull\u2019autismo"},"content":{"rendered":"<p>Sempre pi\u00f9 persone, soprattutto bambini, soffrono di disturbi dello spettro autistico. Il quadro clinico che accompagna un disturbo profondo dello sviluppo va di pari passo con un interesse limitato con comportamenti stereotipati. Di conseguenza, i pazienti sentono sofferenze e dolori a livello psicologico. A seconda dei sintomi concomitanti, questo pu\u00f2 portare a dolori fisici, per esempio infiammazione dei nervi.<\/p>\n<p>La tendenza \u00e8 preoccupante. Secondo le statistiche, il numero di persone colpite \u00e8 aumentato significativamente negli ultimi anni. Ad esempio, il Centro per il controllo delle malattie degli Stati Uniti (CDC) segnala un aumento del 57% per il solo periodo dal\u00a0 2002 al 2006. (<a href=\"https:\/\/www.cdc.gov\/mmwr\/preview\/mmwrhtml\/ss5810a1.htm\" target=\"_blank\" rel=\"noopener\"><span class=\"tlid-translation translation\"><span class=\"\" title=\"\">al rapporto<\/span><\/span><\/a>).<\/p>\n<h3>La ricerca di soluzioni<\/h3>\n<p>Con questo in mente, \u00e8 perfettamente comprensibile che i malati e i loro terapeuti siano alla ricerca di soluzioni che vadano oltre le misure cliniche. Si tratta proprio di questo su questo sito web e durante il Congresso internazionale sui disordini dello spettro autistico (<a href=\"https:\/\/www.autismus-spectrum.de\/italiano\/congresso\/\" target=\"_blank\" rel=\"noopener\">link al programma<\/a>).<\/p>\n<p>La medicina clinica aiuta la persona affetta con la terapia comportamentale e al trattamento dei sintomi concomitanti a livello sintomatico. Questo \u00e8 molto importante per rendere pi\u00f9 facile la vita quotidiana di queste persone.<\/p>\n<p>I medici olistici completano questi sforzi attraverso un approccio basato sulla causa. Il loro scopo \u00e8 scoprire le possibili cause, preferibilmente risolverle, e in questo modo aiutare le persone colpite a far fronte alla loro malattia. Vi sono indicazioni, ad esempio, che un ambiente intestinale disturbato e un sistema immunitario indebolito possano avere un ruolo, cos\u00ec come l'inquinamento ambientale e persino l'intolleranza alimentare. In parte, le relazioni causali sono gi\u00e0 ampiamente studiate (di pi\u00f9 su questo nella categoria <a href=\"https:\/\/www.autismus-spectrum.de\/italiano\/fatti\/scienza-sull-autismo\/\" target=\"_blank\" rel=\"noopener\">Scienza sull\u2019autismo<\/a>).<\/p>\n<h3>Le terapie complementari vogliono sostenere<\/h3>\n<p>Sempre pi\u00f9 terapeuti si concentrano su terapie complementari che affrontano le cause. Uno dei medici pi\u00f9 dedicati nel campo dell'autismo \u00e8 lo psichiatra svedese. med. Blomberg, relatore al Congresso internazionale sui disturbi dello spettro autistico. Dr. Blomberg \u00e8 uno psichiatra. Per 30 anni, ha utilizzato numerosi approcci terapeutici per aiutare le persone con disordini dello spettro autistico. La sua instancabile ricerca di possibili soluzioni nell'autismo lo ha portato, tra le altre cose, all'approccio orientato alla causa con la bio risonanza secondo Paul Schmidt (pi\u00f9 nella categoria <a href=\"https:\/\/www.autismus-spectrum.de\/italiano\/fatti\/biorisonanza-su-autismo\/\" target=\"_blank\" rel=\"noopener\">biorisonanza nell'autismo<\/a>). Le combina con varie terapie, come l'allenamento ritmico del movimento, sviluppato da lui e una dieta specifica per le persone colpite.<\/p>\n<p>Su questo sito continueremo in futuro a riferire sui sviluppi interessanti ed ulteriori, che contribuiranno ad offrire aiuti alle persone colpite - dalle cause alle soluzioni.<\/p>\n<p><img loading=\"lazy\" decoding=\"async\" class=\"wp-image-54 aligncenter\" src=\"https:\/\/www.autismus-spectrum.de\/wp-content\/uploads\/sites\/3\/2019\/01\/Autismus-Spektrum-St\u00f6rungen_Logo_DE.jpg\" alt=\"\" width=\"92\" height=\"104\" srcset=\"https:\/\/www.autismus-spectrum.de\/italiano\/wp-content\/uploads\/sites\/3\/2019\/01\/Autismus-Spektrum-St\u00f6rungen_Logo_DE.jpg 1129w, https:\/\/www.autismus-spectrum.de\/italiano\/wp-content\/uploads\/sites\/3\/2019\/01\/Autismus-Spektrum-St\u00f6rungen_Logo_DE-267x300.jpg 267w, https:\/\/www.autismus-spectrum.de\/italiano\/wp-content\/uploads\/sites\/3\/2019\/01\/Autismus-Spektrum-St\u00f6rungen_Logo_DE-768x862.jpg 768w, https:\/\/www.autismus-spectrum.de\/italiano\/wp-content\/uploads\/sites\/3\/2019\/01\/Autismus-Spektrum-St\u00f6rungen_Logo_DE-912x1024.jpg 912w\" sizes=\"auto, (max-width: 92px) 100vw, 92px\" \/><\/p>\n","protected":false},"excerpt":{"rendered":"<p>Sempre pi\u00f9 persone, soprattutto bambini, soffrono di disturbi dello spettro autistico. Il quadro clinico che accompagna un disturbo profondo dello sviluppo va di pari passo con un interesse limitato con comportamenti stereotipati. Di conseguenza, i pazienti sentono sofferenze e dolori a livello psicologico. A seconda dei sintomi concomitanti, questo pu\u00f2 portare a dolori fisici, per [&hellip;]<\/p>\n","protected":false},"author":1,"featured_media":12,"parent":16,"menu_order":0,"comment_status":"closed","ping_status":"closed","template":"","meta":{"_acf_changed":false,"footnotes":""},"class_list":["post-124","page","type-page","status-publish","has-post-thumbnail","hentry"],"acf":[],"aioseo_notices":[],"_links":{"self":[{"href":"https:\/\/www.autismus-spectrum.de\/italiano\/wp-json\/wp\/v2\/pages\/124","targetHints":{"allow":["GET"]}}],"collection":[{"href":"https:\/\/www.autismus-spectrum.de\/italiano\/wp-json\/wp\/v2\/pages"}],"about":[{"href":"https:\/\/www.autismus-spectrum.de\/italiano\/wp-json\/wp\/v2\/types\/page"}],"author":[{"embeddable":true,"href":"https:\/\/www.autismus-spectrum.de\/italiano\/wp-json\/wp\/v2\/users\/1"}],"replies":[{"embeddable":true,"href":"https:\/\/www.autismus-spectrum.de\/italiano\/wp-json\/wp\/v2\/comments?post=124"}],"version-history":[{"count":11,"href":"https:\/\/www.autismus-spectrum.de\/italiano\/wp-json\/wp\/v2\/pages\/124\/revisions"}],"predecessor-version":[{"id":141,"href":"https:\/\/www.autismus-spectrum.de\/italiano\/wp-json\/wp\/v2\/pages\/124\/revisions\/141"}],"up":[{"embeddable":true,"href":"https:\/\/www.autismus-spectrum.de\/italiano\/wp-json\/wp\/v2\/pages\/16"}],"wp:featuredmedia":[{"embeddable":true,"href":"https:\/\/www.autismus-spectrum.de\/italiano\/wp-json\/wp\/v2\/media\/12"}],"wp:attachment":[{"href":"https:\/\/www.autismus-spectrum.de\/italiano\/wp-json\/wp\/v2\/media?parent=124"}],"curies":[{"name":"wp","href":"https:\/\/api.w.org\/{rel}","templated":true}]}}