{"id":126,"date":"2019-01-25T09:34:09","date_gmt":"2019-01-25T08:34:09","guid":{"rendered":"https:\/\/www.autismus-spectrum.de\/italiano\/?page_id=126"},"modified":"2019-02-22T13:13:50","modified_gmt":"2019-02-22T12:13:50","slug":"scienza-sull-autismo","status":"publish","type":"page","link":"https:\/\/www.autismus-spectrum.de\/italiano\/fatti\/scienza-sull-autismo\/","title":{"rendered":"Scienza sull\u2019autismo"},"content":{"rendered":"<p><strong>Negli ultimi anni, ci sono stati diversi risultati di studi che fanno luce sulle possibili cause dei disordini dello spettro autistico. Ecco un estratto dalle recenti pubblicazioni.<\/strong><\/p>\n<p><img loading=\"lazy\" decoding=\"async\" class=\"wp-image-54 aligncenter\" src=\"https:\/\/www.autismus-spectrum.de\/wp-content\/uploads\/sites\/3\/2019\/01\/Autismus-Spektrum-St\u00f6rungen_Logo_DE.jpg\" alt=\"\" width=\"64\" height=\"72\" srcset=\"https:\/\/www.autismus-spectrum.de\/italiano\/wp-content\/uploads\/sites\/3\/2019\/01\/Autismus-Spektrum-St\u00f6rungen_Logo_DE.jpg 1129w, https:\/\/www.autismus-spectrum.de\/italiano\/wp-content\/uploads\/sites\/3\/2019\/01\/Autismus-Spektrum-St\u00f6rungen_Logo_DE-267x300.jpg 267w, https:\/\/www.autismus-spectrum.de\/italiano\/wp-content\/uploads\/sites\/3\/2019\/01\/Autismus-Spektrum-St\u00f6rungen_Logo_DE-768x862.jpg 768w, https:\/\/www.autismus-spectrum.de\/italiano\/wp-content\/uploads\/sites\/3\/2019\/01\/Autismus-Spektrum-St\u00f6rungen_Logo_DE-912x1024.jpg 912w\" sizes=\"auto, (max-width: 64px) 100vw, 64px\" \/><\/p>\n<p>I ricercatori dell'Universit\u00e0 di Basilea ritengono che la disfunzione delle sinapsi nelle cellule nervose del sistema di ricompensa cerebrale sia cruciale per i disordini dello spettro autistico. Si riferiscono a diversi studi che suggeriscono che ci sia una relazione fra la disfunzione di questo sistema ed i tipici cambiamenti nel comportamento sociale nell'autismo.<\/p>\n<p>Sempre secondo questo, i neuroni esistenti del sistema di ricompensa cerebrale sono difettosi negli individui autistici. Nell'esperimento, gli scienziati hanno imitato nei topi una mutazione che si verifica nell'autismo.<\/p>\n<p>Di conseguenza, si sono verificati i tipici cambiamenti comportamentali dell'autismo. Gli scienziati concludono che un\u2019insufficiente maturazione delle sinapsi svolge un ruolo corrispondente. Ora ci sono pi\u00f9 di 100 geni associati a sintomi autistici (Fonte: Universit\u00e0 di Basilea, <a href=\"https:\/\/idw-online.de\/de\/news700377\" target=\"_blank\" rel=\"noopener\">Informationsdienst Wissenschaft (idw)<\/a>).<\/p>\n<p><img loading=\"lazy\" decoding=\"async\" class=\"wp-image-54 aligncenter\" src=\"https:\/\/www.autismus-spectrum.de\/wp-content\/uploads\/sites\/3\/2019\/01\/Autismus-Spektrum-St\u00f6rungen_Logo_DE.jpg\" alt=\"\" width=\"64\" height=\"72\" srcset=\"https:\/\/www.autismus-spectrum.de\/italiano\/wp-content\/uploads\/sites\/3\/2019\/01\/Autismus-Spektrum-St\u00f6rungen_Logo_DE.jpg 1129w, https:\/\/www.autismus-spectrum.de\/italiano\/wp-content\/uploads\/sites\/3\/2019\/01\/Autismus-Spektrum-St\u00f6rungen_Logo_DE-267x300.jpg 267w, https:\/\/www.autismus-spectrum.de\/italiano\/wp-content\/uploads\/sites\/3\/2019\/01\/Autismus-Spektrum-St\u00f6rungen_Logo_DE-768x862.jpg 768w, https:\/\/www.autismus-spectrum.de\/italiano\/wp-content\/uploads\/sites\/3\/2019\/01\/Autismus-Spektrum-St\u00f6rungen_Logo_DE-912x1024.jpg 912w\" sizes=\"auto, (max-width: 64px) 100vw, 64px\" \/><\/p>\n<p>Gli scienziati del Rheinische Friedrich-Wilhelms-Universit\u00e0 di Bonn sospettano, che certe \u201csostanze segnale\u201d del sistema immunitario, note come chemochine, siano implicate nell\u2019 autismo, in particolare la sostanza segnale \u201cCCL 17\u201d. Le chemochine fanno si che le cellule immunitarie migrino nel tessuto. Inoltre, influenzano anche la trasmissione del segnale nel cervello. I ricercatori hanno osservato in esperimenti sugli animali, che questi dimostrano un comportamento anormale quando la funzione di segnale risulta disturbato. Da ci\u00f2 hanno concluso che \"il CCL 17 non interessa solo il sistema immunitario ma influenza anche il cervello\". Nelle persone con autismo, c'\u00e8 spesso un livello elevato di CCL 17 nel sangue. I ricercatori concludono che la sostanza segnale svolge un ruolo nell'autismo, ad esempio, nel caso di in un\u2019infezione o una reazione allergica durante l'infanzia. Tuttavia, manca ancora la conferma scientifica finale (Fonte: Rheinische Friedrich-Wilhelms-Universit\u00e4t di Bonn, <a href=\"https:\/\/idw-online.de\/de\/news701991\" target=\"_blank\" rel=\"noopener\">Informationsdienst Wissenschaft (idw)<\/a>).<\/p>\n<p><img loading=\"lazy\" decoding=\"async\" class=\"wp-image-54 aligncenter\" src=\"https:\/\/www.autismus-spectrum.de\/wp-content\/uploads\/sites\/3\/2019\/01\/Autismus-Spektrum-St\u00f6rungen_Logo_DE.jpg\" alt=\"\" width=\"64\" height=\"72\" srcset=\"https:\/\/www.autismus-spectrum.de\/italiano\/wp-content\/uploads\/sites\/3\/2019\/01\/Autismus-Spektrum-St\u00f6rungen_Logo_DE.jpg 1129w, https:\/\/www.autismus-spectrum.de\/italiano\/wp-content\/uploads\/sites\/3\/2019\/01\/Autismus-Spektrum-St\u00f6rungen_Logo_DE-267x300.jpg 267w, https:\/\/www.autismus-spectrum.de\/italiano\/wp-content\/uploads\/sites\/3\/2019\/01\/Autismus-Spektrum-St\u00f6rungen_Logo_DE-768x862.jpg 768w, https:\/\/www.autismus-spectrum.de\/italiano\/wp-content\/uploads\/sites\/3\/2019\/01\/Autismus-Spektrum-St\u00f6rungen_Logo_DE-912x1024.jpg 912w\" sizes=\"auto, (max-width: 64px) 100vw, 64px\" \/><\/p>\n<p>Gli scienziati dell'ospedale universitario di Ulm sottolineano che il microbioma \u00e8 importante nell'autismo. Il microbioma \u00e8 l\u2019insieme di tutti i microrganismi presenti nel tratto digestivo. Un microbioma disturbato pu\u00f2 causare una regolazione immunitaria squilibrata. La connessione tra i disturbi del sistema immunitario nell'intestino e le malattie del cervello \u00e8 stata a lungo ipotizzata dagli scienziati (Fonte: University Hospital Ulm, <a href=\"https:\/\/idw-online.de\/de\/news705209\" target=\"_blank\" rel=\"noopener\">Informationsdienst Wissenschaft (idw)<\/a>).<\/p>\n<p><img loading=\"lazy\" decoding=\"async\" class=\"wp-image-54 aligncenter\" src=\"https:\/\/www.autismus-spectrum.de\/wp-content\/uploads\/sites\/3\/2019\/01\/Autismus-Spektrum-St\u00f6rungen_Logo_DE.jpg\" alt=\"\" width=\"64\" height=\"72\" srcset=\"https:\/\/www.autismus-spectrum.de\/italiano\/wp-content\/uploads\/sites\/3\/2019\/01\/Autismus-Spektrum-St\u00f6rungen_Logo_DE.jpg 1129w, https:\/\/www.autismus-spectrum.de\/italiano\/wp-content\/uploads\/sites\/3\/2019\/01\/Autismus-Spektrum-St\u00f6rungen_Logo_DE-267x300.jpg 267w, https:\/\/www.autismus-spectrum.de\/italiano\/wp-content\/uploads\/sites\/3\/2019\/01\/Autismus-Spektrum-St\u00f6rungen_Logo_DE-768x862.jpg 768w, https:\/\/www.autismus-spectrum.de\/italiano\/wp-content\/uploads\/sites\/3\/2019\/01\/Autismus-Spektrum-St\u00f6rungen_Logo_DE-912x1024.jpg 912w\" sizes=\"auto, (max-width: 64px) 100vw, 64px\" \/><\/p>\n<p>Nel frattempo, gli esperti dell'ospedale universitario di Heidelberg stanno anche prendendo di mira il testosterone ormonale. Hanno osservato che l'ormone maschile testosterone attiva significativamente, sia prima e che dopo la nascita, alcuni geni di rischio nel cervello. I loro studi hanno dimostrato che certi geni, influenzati dal testosterone, si traducono con pi\u00f9 forza in proteine, contribuendo cos\u00ec ad aumentare il rischio di autismo. Questo potrebbe spiegare perch\u00e9 l'autismo si verifica quattro volte pi\u00f9 spesso nei ragazzi che nelle ragazze (fonte: Unibersitaetsklinikum Heidelberg, <a href=\"https:\/\/idw-online.de\/de\/news705354\" target=\"_blank\" rel=\"noopener\">Informationsdienst Wissenschaft(idw)<\/a>).<\/p>\n<p><img loading=\"lazy\" decoding=\"async\" class=\"wp-image-54 aligncenter\" src=\"https:\/\/www.autismus-spectrum.de\/wp-content\/uploads\/sites\/3\/2019\/01\/Autismus-Spektrum-St\u00f6rungen_Logo_DE.jpg\" alt=\"\" width=\"65\" height=\"73\" srcset=\"https:\/\/www.autismus-spectrum.de\/italiano\/wp-content\/uploads\/sites\/3\/2019\/01\/Autismus-Spektrum-St\u00f6rungen_Logo_DE.jpg 1129w, https:\/\/www.autismus-spectrum.de\/italiano\/wp-content\/uploads\/sites\/3\/2019\/01\/Autismus-Spektrum-St\u00f6rungen_Logo_DE-267x300.jpg 267w, https:\/\/www.autismus-spectrum.de\/italiano\/wp-content\/uploads\/sites\/3\/2019\/01\/Autismus-Spektrum-St\u00f6rungen_Logo_DE-768x862.jpg 768w, https:\/\/www.autismus-spectrum.de\/italiano\/wp-content\/uploads\/sites\/3\/2019\/01\/Autismus-Spektrum-St\u00f6rungen_Logo_DE-912x1024.jpg 912w\" sizes=\"auto, (max-width: 65px) 100vw, 65px\" \/><\/p>\n<p>Inoltre, si presume che anche le malattie infettive siano la causa dell'autismo, come la toxoplasmosi. Secondo gli esperti, ci\u00f2 porterebbe ad un malfunzionamento delle sinapsi (Fonte: Leibniz Institute of Neurobiology, <a href=\"https:\/\/idw-online.de\/de\/news705270\" target=\"_blank\" rel=\"noopener\">Informationsdienst Wissenschaft (idw)<\/a>).<\/p>\n<p>Continueremo ad aggiornare queste informazioni.<\/p>\n","protected":false},"excerpt":{"rendered":"<p>Negli ultimi anni, ci sono stati diversi risultati di studi che fanno luce sulle possibili cause dei disordini dello spettro autistico. Ecco un estratto dalle recenti pubblicazioni. I ricercatori dell&#8217;Universit\u00e0 di Basilea ritengono che la disfunzione delle sinapsi nelle cellule nervose del sistema di ricompensa cerebrale sia cruciale per i disordini dello spettro autistico. Si [&hellip;]<\/p>\n","protected":false},"author":1,"featured_media":11,"parent":16,"menu_order":0,"comment_status":"closed","ping_status":"closed","template":"","meta":{"_acf_changed":false,"footnotes":""},"class_list":["post-126","page","type-page","status-publish","has-post-thumbnail","hentry"],"acf":[],"aioseo_notices":[],"_links":{"self":[{"href":"https:\/\/www.autismus-spectrum.de\/italiano\/wp-json\/wp\/v2\/pages\/126","targetHints":{"allow":["GET"]}}],"collection":[{"href":"https:\/\/www.autismus-spectrum.de\/italiano\/wp-json\/wp\/v2\/pages"}],"about":[{"href":"https:\/\/www.autismus-spectrum.de\/italiano\/wp-json\/wp\/v2\/types\/page"}],"author":[{"embeddable":true,"href":"https:\/\/www.autismus-spectrum.de\/italiano\/wp-json\/wp\/v2\/users\/1"}],"replies":[{"embeddable":true,"href":"https:\/\/www.autismus-spectrum.de\/italiano\/wp-json\/wp\/v2\/comments?post=126"}],"version-history":[{"count":6,"href":"https:\/\/www.autismus-spectrum.de\/italiano\/wp-json\/wp\/v2\/pages\/126\/revisions"}],"predecessor-version":[{"id":218,"href":"https:\/\/www.autismus-spectrum.de\/italiano\/wp-json\/wp\/v2\/pages\/126\/revisions\/218"}],"up":[{"embeddable":true,"href":"https:\/\/www.autismus-spectrum.de\/italiano\/wp-json\/wp\/v2\/pages\/16"}],"wp:featuredmedia":[{"embeddable":true,"href":"https:\/\/www.autismus-spectrum.de\/italiano\/wp-json\/wp\/v2\/media\/11"}],"wp:attachment":[{"href":"https:\/\/www.autismus-spectrum.de\/italiano\/wp-json\/wp\/v2\/media?parent=126"}],"curies":[{"name":"wp","href":"https:\/\/api.w.org\/{rel}","templated":true}]}}