{"id":128,"date":"2019-01-25T09:34:35","date_gmt":"2019-01-25T08:34:35","guid":{"rendered":"https:\/\/www.autismus-spectrum.de\/italiano\/?page_id=128"},"modified":"2019-02-22T13:04:28","modified_gmt":"2019-02-22T12:04:28","slug":"biorisonanza-su-autismo","status":"publish","type":"page","link":"https:\/\/www.autismus-spectrum.de\/italiano\/fatti\/biorisonanza-su-autismo\/","title":{"rendered":"Biorisonanza su autismo"},"content":{"rendered":"<p><strong>Tra gli intenditori, uno dei pi\u00f9 moderni approcci orientati alla causa \u00e8 la terapia con la bio risonanza, utilizzando qui l'esempio della bio risonanza secondo Paul Schmidt.<\/strong><\/p>\n<p>I loro utenti fanno uso di quello che Albert Einstein e Max-Planck hanno messo in parole semplici: non esiste materia, tutto \u00e8 energia. Ci\u00f2 che viene utilizzato \u00e8 quindi ci\u00f2 che emana dagli atomi e dalle loro parti ancora pi\u00f9 piccole: le vibrazioni, chiamate anche frequenze.<\/p>\n<h3>Un semplice esempio per capire meglio<\/h3>\n<p>Sappiamo che l'acqua non \u00e8 altro che la combinazione di due atomi di idrogeno e un atomo di ossigeno in una molecola. Ciascuno di questi atomi ha un cosiddetto campo vibrazionale, che \u00e8 determinato dall'interazione dei costituenti dell'atomo. Tutti conoscono l'immagine di un atomo con il suo nucleo, i suoi altri costituenti e gli elettroni. Questo conglomerato ha una sua vibrazione caratteristica. E la combinazione di diversi atomi in molecole porta naturalmente a un diverso modello di oscillazione. Ci\u00f2 che vale per l\u2019acqua, vale anche per altre forme di materia, incluso noi stessi.<\/p>\n<h3>Il principio base della biorisonanza<\/h3>\n<p>Sulla base della biofisica, i terapeuti con l\u2019aiuto delle frequenze, vogliono scoprire, dove si trovano, a livello energetico fine, i disturbi regolatori nell'organismo, che contribuiscono a dei processi che possono portare ultimamente alla malattia.<\/p>\n<p>Per fare questo, usano attrezzature high-tech, con le quali testano le frequenze disturbate per armonizzarle successivamente. Lo scopo \u00e8 aiutare i poteri auto regolatori dell'organismo a regolare i processi patogenetici.<\/p>\n<p>In futuro, riporteremo su questa pagina, interessanti punti e varie esperienze con la bio risonanza nei disordini dello spettro autistico.<\/p>\n<p><img loading=\"lazy\" decoding=\"async\" class=\"wp-image-54 aligncenter\" src=\"https:\/\/www.autismus-spectrum.de\/wp-content\/uploads\/sites\/3\/2019\/01\/Autismus-Spektrum-St\u00f6rungen_Logo_DE.jpg\" alt=\"\" width=\"64\" height=\"72\" srcset=\"https:\/\/www.autismus-spectrum.de\/italiano\/wp-content\/uploads\/sites\/3\/2019\/01\/Autismus-Spektrum-St\u00f6rungen_Logo_DE.jpg 1129w, https:\/\/www.autismus-spectrum.de\/italiano\/wp-content\/uploads\/sites\/3\/2019\/01\/Autismus-Spektrum-St\u00f6rungen_Logo_DE-267x300.jpg 267w, https:\/\/www.autismus-spectrum.de\/italiano\/wp-content\/uploads\/sites\/3\/2019\/01\/Autismus-Spektrum-St\u00f6rungen_Logo_DE-768x862.jpg 768w, https:\/\/www.autismus-spectrum.de\/italiano\/wp-content\/uploads\/sites\/3\/2019\/01\/Autismus-Spektrum-St\u00f6rungen_Logo_DE-912x1024.jpg 912w\" sizes=\"auto, (max-width: 64px) 100vw, 64px\" \/><\/p>\n","protected":false},"excerpt":{"rendered":"<p>Tra gli intenditori, uno dei pi\u00f9 moderni approcci orientati alla causa \u00e8 la terapia con la bio risonanza, utilizzando qui l&#8217;esempio della bio risonanza secondo Paul Schmidt. I loro utenti fanno uso di quello che Albert Einstein e Max-Planck hanno messo in parole semplici: non esiste materia, tutto \u00e8 energia. Ci\u00f2 che viene utilizzato \u00e8 [&hellip;]<\/p>\n","protected":false},"author":1,"featured_media":11,"parent":16,"menu_order":0,"comment_status":"closed","ping_status":"closed","template":"","meta":{"_acf_changed":false,"footnotes":""},"class_list":["post-128","page","type-page","status-publish","has-post-thumbnail","hentry"],"acf":[],"aioseo_notices":[],"_links":{"self":[{"href":"https:\/\/www.autismus-spectrum.de\/italiano\/wp-json\/wp\/v2\/pages\/128","targetHints":{"allow":["GET"]}}],"collection":[{"href":"https:\/\/www.autismus-spectrum.de\/italiano\/wp-json\/wp\/v2\/pages"}],"about":[{"href":"https:\/\/www.autismus-spectrum.de\/italiano\/wp-json\/wp\/v2\/types\/page"}],"author":[{"embeddable":true,"href":"https:\/\/www.autismus-spectrum.de\/italiano\/wp-json\/wp\/v2\/users\/1"}],"replies":[{"embeddable":true,"href":"https:\/\/www.autismus-spectrum.de\/italiano\/wp-json\/wp\/v2\/comments?post=128"}],"version-history":[{"count":19,"href":"https:\/\/www.autismus-spectrum.de\/italiano\/wp-json\/wp\/v2\/pages\/128\/revisions"}],"predecessor-version":[{"id":216,"href":"https:\/\/www.autismus-spectrum.de\/italiano\/wp-json\/wp\/v2\/pages\/128\/revisions\/216"}],"up":[{"embeddable":true,"href":"https:\/\/www.autismus-spectrum.de\/italiano\/wp-json\/wp\/v2\/pages\/16"}],"wp:featuredmedia":[{"embeddable":true,"href":"https:\/\/www.autismus-spectrum.de\/italiano\/wp-json\/wp\/v2\/media\/11"}],"wp:attachment":[{"href":"https:\/\/www.autismus-spectrum.de\/italiano\/wp-json\/wp\/v2\/media?parent=128"}],"curies":[{"name":"wp","href":"https:\/\/api.w.org\/{rel}","templated":true}]}}